{"id":5633,"date":"2025-03-12T10:58:04","date_gmt":"2025-03-12T09:58:04","guid":{"rendered":"https:\/\/miticoro.org\/it\/?page_id=5633"},"modified":"2025-05-02T11:33:01","modified_gmt":"2025-05-02T09:33:01","slug":"complexity","status":"publish","type":"page","link":"https:\/\/miticoro.org\/it\/complexity\/","title":{"rendered":"PF Complexity"},"content":{"rendered":"\t\t<div data-elementor-type=\"wp-page\" data-elementor-id=\"5633\" class=\"elementor elementor-5633\" data-elementor-post-type=\"page\">\n\t\t\t\t<div class=\"elementor-element elementor-element-b69c34b e-con-full e-flex e-con e-parent\" data-id=\"b69c34b\" data-element_type=\"container\" data-e-type=\"container\" data-settings=\"{&quot;background_background&quot;:&quot;classic&quot;}\">\n\t\t<div class=\"elementor-element elementor-element-ba1b15c e-con-full e-flex e-con e-child\" data-id=\"ba1b15c\" data-element_type=\"container\" data-e-type=\"container\">\n\t\t\t\t<div class=\"elementor-element elementor-element-339f7fe text-gradient2 elementor-widget elementor-widget-heading\" data-id=\"339f7fe\" data-element_type=\"widget\" data-e-type=\"widget\" data-widget_type=\"heading.default\">\n\t\t\t\t<div class=\"elementor-widget-container\">\n\t\t\t\t\t<h6 class=\"elementor-heading-title elementor-size-default\">Pathfinders<\/h6>\t\t\t\t<\/div>\n\t\t\t\t<\/div>\n\t\t\t\t<\/div>\n\t\t\t\t<\/div>\n\t\t<div class=\"elementor-element elementor-element-be855e5 e-con-full e-flex e-con e-parent\" data-id=\"be855e5\" data-element_type=\"container\" data-e-type=\"container\" data-settings=\"{&quot;background_background&quot;:&quot;classic&quot;}\">\n\t\t\t\t<div class=\"elementor-element elementor-element-e20f900 elementor-widget-tablet__width-initial elementor-widget__width-initial elementor-widget elementor-widget-heading\" data-id=\"e20f900\" data-element_type=\"widget\" data-e-type=\"widget\" data-widget_type=\"heading.default\">\n\t\t\t\t<div class=\"elementor-widget-container\">\n\t\t\t\t\t<h1 class=\"elementor-heading-title elementor-size-default\">Complexity<\/h1>\t\t\t\t<\/div>\n\t\t\t\t<\/div>\n\t\t\t\t<\/div>\n\t\t<div class=\"elementor-element elementor-element-44ff421 e-grid e-con-full e-con e-parent\" data-id=\"44ff421\" data-element_type=\"container\" data-e-type=\"container\">\n\t\t<div class=\"elementor-element elementor-element-8f4e909 e-flex e-con-boxed e-con e-child\" data-id=\"8f4e909\" data-element_type=\"container\" data-e-type=\"container\" data-settings=\"{&quot;background_background&quot;:&quot;classic&quot;}\">\n\t\t\t\t\t<div class=\"e-con-inner\">\n\t\t\t\t\t<\/div>\n\t\t\t\t<\/div>\n\t\t<div class=\"elementor-element elementor-element-bf8c6dc e-con-full e-flex e-con e-child\" data-id=\"bf8c6dc\" data-element_type=\"container\" data-e-type=\"container\" data-settings=\"{&quot;background_background&quot;:&quot;classic&quot;}\">\n\t\t<div class=\"elementor-element elementor-element-896ff2d e-con-full e-flex e-con e-child\" data-id=\"896ff2d\" data-element_type=\"container\" data-e-type=\"container\" data-settings=\"{&quot;background_background&quot;:&quot;classic&quot;}\">\n\t\t\t\t<div class=\"elementor-element elementor-element-a09a1b3 elementor-widget elementor-widget-heading\" data-id=\"a09a1b3\" data-element_type=\"widget\" data-e-type=\"widget\" data-widget_type=\"heading.default\">\n\t\t\t\t<div class=\"elementor-widget-container\">\n\t\t\t\t\t<h2 class=\"elementor-heading-title elementor-size-default\"><b>Vivere la complessit\u00e0 per governarla<\/b><\/h2>\t\t\t\t<\/div>\n\t\t\t\t<\/div>\n\t\t\t\t<div class=\"elementor-element elementor-element-bba7012 elementor-widget elementor-widget-text-editor\" data-id=\"bba7012\" data-element_type=\"widget\" data-e-type=\"widget\" data-widget_type=\"text-editor.default\">\n\t\t\t\t<div class=\"elementor-widget-container\">\n\t\t\t\t\t\t\t\t\t<p><strong>Scopo<\/strong><br \/>Proporre una chiave di lettura per comprendere il futuro e per gestire la crescente complessit\u00e0 delle organizzazioni avendo come riferimento la humanistic leadership e il modello sulla complessit\u00e0 che valuta l\u2019impatto delle grandi trasformazioni esterne sugli individui e organizzazioni.<\/p><p><strong>Partecipanti<\/strong><br \/>Giovani leader o leader esperti<\/p><p><strong>Modalit\u00e0<\/strong><br \/>9 moduli indipendenti percorribili anche indipendentemente<\/p><p><strong>Attivit\u00e0 integrate<\/strong><br \/>Co\u2013design con casi reali dei partecipanti<\/p>\t\t\t\t\t\t\t\t<\/div>\n\t\t\t\t<\/div>\n\t\t\t\t<\/div>\n\t\t\t\t<\/div>\n\t\t\t\t<\/div>\n\t\t<div class=\"elementor-element elementor-element-6de0e60 e-con-full e-flex e-con e-parent\" data-id=\"6de0e60\" data-element_type=\"container\" data-e-type=\"container\" data-settings=\"{&quot;background_background&quot;:&quot;classic&quot;}\">\n\t\t\t\t<div class=\"elementor-element elementor-element-662d758 elementor-widget-divider--view-line elementor-widget elementor-widget-divider\" data-id=\"662d758\" data-element_type=\"widget\" data-e-type=\"widget\" data-widget_type=\"divider.default\">\n\t\t\t\t<div class=\"elementor-widget-container\">\n\t\t\t\t\t\t\t<div class=\"elementor-divider\">\n\t\t\t<span class=\"elementor-divider-separator\">\n\t\t\t\t\t\t<\/span>\n\t\t<\/div>\n\t\t\t\t\t\t<\/div>\n\t\t\t\t<\/div>\n\t\t\t\t<\/div>\n\t\t<div class=\"elementor-element elementor-element-2465dec e-con-full e-flex e-con e-parent\" data-id=\"2465dec\" data-element_type=\"container\" data-e-type=\"container\" data-settings=\"{&quot;background_background&quot;:&quot;classic&quot;}\">\n\t\t\t\t<div class=\"elementor-element elementor-element-7d4b8e6 elementor-widget-tablet__width-initial elementor-widget__width-initial elementor-widget elementor-widget-heading\" data-id=\"7d4b8e6\" data-element_type=\"widget\" data-e-type=\"widget\" data-widget_type=\"heading.default\">\n\t\t\t\t<div class=\"elementor-widget-container\">\n\t\t\t\t\t<h1 class=\"elementor-heading-title elementor-size-default\">Complexity - International edition<\/h1>\t\t\t\t<\/div>\n\t\t\t\t<\/div>\n\t\t\t\t<\/div>\n\t\t<div class=\"elementor-element elementor-element-70c19dd e-grid e-con-full e-con e-parent\" data-id=\"70c19dd\" data-element_type=\"container\" data-e-type=\"container\">\n\t\t<div class=\"elementor-element elementor-element-42b7c1a e-flex e-con-boxed e-con e-child\" data-id=\"42b7c1a\" data-element_type=\"container\" data-e-type=\"container\" data-settings=\"{&quot;background_background&quot;:&quot;classic&quot;}\">\n\t\t\t\t\t<div class=\"e-con-inner\">\n\t\t\t\t\t<\/div>\n\t\t\t\t<\/div>\n\t\t<div class=\"elementor-element elementor-element-eed4d1b e-con-full e-flex e-con e-child\" data-id=\"eed4d1b\" data-element_type=\"container\" data-e-type=\"container\" data-settings=\"{&quot;background_background&quot;:&quot;classic&quot;}\">\n\t\t<div class=\"elementor-element elementor-element-f6999b1 e-con-full e-flex e-con e-child\" data-id=\"f6999b1\" data-element_type=\"container\" data-e-type=\"container\" data-settings=\"{&quot;background_background&quot;:&quot;classic&quot;}\">\n\t\t\t\t<div class=\"elementor-element elementor-element-7dfb597 elementor-widget elementor-widget-heading\" data-id=\"7dfb597\" data-element_type=\"widget\" data-e-type=\"widget\" data-widget_type=\"heading.default\">\n\t\t\t\t<div class=\"elementor-widget-container\">\n\t\t\t\t\t<h2 class=\"elementor-heading-title elementor-size-default\"><b>Formazione e sviluppo talenti internazionali\u200b<\/b><\/h2>\t\t\t\t<\/div>\n\t\t\t\t<\/div>\n\t\t\t\t<div class=\"elementor-element elementor-element-f10a62f elementor-widget elementor-widget-text-editor\" data-id=\"f10a62f\" data-element_type=\"widget\" data-e-type=\"widget\" data-widget_type=\"text-editor.default\">\n\t\t\t\t<div class=\"elementor-widget-container\">\n\t\t\t\t\t\t\t\t\t<p><span lang=\"it-IT\"><strong>Scopo<br \/><\/strong><\/span><span lang=\"it-IT\">Supportare la crescita, nel mondo aziendale, di giovani con elevato potenziale di sviluppo.<\/span><\/p><p><span lang=\"it-IT\"><strong>Partecipanti<br \/><\/strong>Talenti in aziende e organizzazioni di diversi settori e Paesi. Giovani manager che si preparino ad affrontare una maggiore complessit\u00e0 organizzativa.<\/span><\/p><p><span lang=\"it-IT\"><strong>Modalit\u00e0<br \/><\/strong>Percorso di 3 anni che comprende ogni anno: modulo in presenza che termina con un piano di azione, follow-up intermedio tra due moduli, che permette di discutere lo stato di avanzamento, 1 progetto aziendale, che viene presentato alla fine del terzo modulo.<\/span><\/p><p><span lang=\"it-IT\"><strong>Attivit\u00e0 integrate<br \/><\/strong>Creare occasioni di scambio peer2peer e contaminare i partecipanti con esperienze di diversi settori ed un confronto intergenerazionale.<br \/><\/span><\/p><p class=\"p1\"><span class=\"s1\"><span lang=\"it-IT\"><strong>Personalizzazione per aziende<\/strong><\/span><br \/>Il programma pu\u00f2 essere personalizzato per i talenti<span class=\"Apple-converted-space\">\u00a0 <\/span>internazionali di una singola azienda.<\/span><\/p>\t\t\t\t\t\t\t\t<\/div>\n\t\t\t\t<\/div>\n\t\t\t\t<\/div>\n\t\t\t\t<\/div>\n\t\t\t\t<\/div>\n\t\t<div class=\"elementor-element elementor-element-733eb22 e-flex e-con-boxed e-con e-parent\" data-id=\"733eb22\" data-element_type=\"container\" data-e-type=\"container\">\n\t\t\t\t\t<div class=\"e-con-inner\">\n\t\t<div class=\"elementor-element elementor-element-214fe03 e-con-full e-flex e-con e-child\" data-id=\"214fe03\" data-element_type=\"container\" data-e-type=\"container\">\n\t\t\t\t<div class=\"elementor-element elementor-element-a352f95 elementor-align-center elementor-widget elementor-widget-button\" data-id=\"a352f95\" data-element_type=\"widget\" data-e-type=\"widget\" data-widget_type=\"button.default\">\n\t\t\t\t<div class=\"elementor-widget-container\">\n\t\t\t\t\t\t\t\t\t<div class=\"elementor-button-wrapper\">\n\t\t\t\t\t<a class=\"elementor-button elementor-button-link elementor-size-sm\" href=\"mailto:info@miticoro.com\">\n\t\t\t\t\t\t<span class=\"elementor-button-content-wrapper\">\n\t\t\t\t\t\t<span class=\"elementor-button-icon\">\n\t\t\t\t<svg aria-hidden=\"true\" class=\"e-font-icon-svg e-far-envelope\" viewBox=\"0 0 512 512\" xmlns=\"http:\/\/www.w3.org\/2000\/svg\"><path d=\"M464 64H48C21.49 64 0 85.49 0 112v288c0 26.51 21.49 48 48 48h416c26.51 0 48-21.49 48-48V112c0-26.51-21.49-48-48-48zm0 48v40.805c-22.422 18.259-58.168 46.651-134.587 106.49-16.841 13.247-50.201 45.072-73.413 44.701-23.208.375-56.579-31.459-73.413-44.701C106.18 199.465 70.425 171.067 48 152.805V112h416zM48 400V214.398c22.914 18.251 55.409 43.862 104.938 82.646 21.857 17.205 60.134 55.186 103.062 54.955 42.717.231 80.509-37.199 103.053-54.947 49.528-38.783 82.032-64.401 104.947-82.653V400H48z\"><\/path><\/svg>\t\t\t<\/span>\n\t\t\t\t\t\t\t\t\t<span class=\"elementor-button-text\">Contattaci per maggiori informazioni<\/span>\n\t\t\t\t\t<\/span>\n\t\t\t\t\t<\/a>\n\t\t\t\t<\/div>\n\t\t\t\t\t\t\t\t<\/div>\n\t\t\t\t<\/div>\n\t\t\t\t<\/div>\n\t\t\t\t\t<\/div>\n\t\t\t\t<\/div>\n\t\t\t\t<\/div>\n\t\t","protected":false},"excerpt":{"rendered":"<p>Pathfinders Complexity Vivere la complessit\u00e0 per governarla ScopoProporre una chiave di lettura per comprendere il futuro e per gestire la crescente complessit\u00e0 delle organizzazioni avendo come riferimento la humanistic leadership e il modello sulla complessit\u00e0 che valuta l\u2019impatto delle grandi trasformazioni esterne sugli individui e organizzazioni. PartecipantiGiovani leader o leader esperti Modalit\u00e09 moduli indipendenti percorribili [&hellip;]<\/p>\n","protected":false},"author":6,"featured_media":0,"parent":0,"menu_order":0,"comment_status":"closed","ping_status":"closed","template":"","meta":{"iawp_total_views":44,"footnotes":""},"class_list":["post-5633","page","type-page","status-publish","hentry"],"yoast_head":"<!-- This site is optimized with the Yoast SEO plugin v27.4 - https:\/\/yoast.com\/product\/yoast-seo-wordpress\/ -->\n<title>PF Complexity - Fondazione Miticoro ETS<\/title>\n<meta name=\"robots\" content=\"index, follow, max-snippet:-1, max-image-preview:large, max-video-preview:-1\" \/>\n<link rel=\"canonical\" href=\"https:\/\/miticoro.org\/it\/complexity\/\" \/>\n<meta property=\"og:locale\" content=\"it_IT\" \/>\n<meta property=\"og:type\" content=\"article\" \/>\n<meta property=\"og:title\" content=\"PF Complexity - Fondazione Miticoro ETS\" \/>\n<meta property=\"og:description\" content=\"Pathfinders Complexity Vivere la complessit\u00e0 per governarla ScopoProporre una chiave di lettura per comprendere il futuro e per gestire la crescente complessit\u00e0 delle organizzazioni avendo come riferimento la humanistic leadership e il modello sulla complessit\u00e0 che valuta l\u2019impatto delle grandi trasformazioni esterne sugli individui e organizzazioni. PartecipantiGiovani leader o leader esperti Modalit\u00e09 moduli indipendenti percorribili [&hellip;]\" \/>\n<meta property=\"og:url\" content=\"https:\/\/miticoro.org\/it\/complexity\/\" \/>\n<meta property=\"og:site_name\" content=\"Fondazione Miticoro ETS\" \/>\n<meta property=\"article:modified_time\" content=\"2025-05-02T09:33:01+00:00\" \/>\n<meta property=\"og:image\" content=\"https:\/\/miticoro.org\/it\/wp-content\/uploads\/2025\/05\/anteprima-fondazione-miticoro-milano-ita.png\" \/>\n\t<meta property=\"og:image:width\" content=\"1500\" \/>\n\t<meta property=\"og:image:height\" content=\"733\" \/>\n\t<meta property=\"og:image:type\" content=\"image\/png\" \/>\n<meta name=\"twitter:card\" content=\"summary_large_image\" \/>\n<meta name=\"twitter:label1\" content=\"Tempo di lettura stimato\" \/>\n\t<meta name=\"twitter:data1\" content=\"2 minuti\" \/>\n<script type=\"application\/ld+json\" class=\"yoast-schema-graph\">{\"@context\":\"https:\\\/\\\/schema.org\",\"@graph\":[{\"@type\":\"WebPage\",\"@id\":\"https:\\\/\\\/miticoro.org\\\/it\\\/complexity\\\/\",\"url\":\"https:\\\/\\\/miticoro.org\\\/it\\\/complexity\\\/\",\"name\":\"PF Complexity - Fondazione Miticoro ETS\",\"isPartOf\":{\"@id\":\"https:\\\/\\\/miticoro.org\\\/it\\\/#website\"},\"datePublished\":\"2025-03-12T09:58:04+00:00\",\"dateModified\":\"2025-05-02T09:33:01+00:00\",\"breadcrumb\":{\"@id\":\"https:\\\/\\\/miticoro.org\\\/it\\\/complexity\\\/#breadcrumb\"},\"inLanguage\":\"it-IT\",\"potentialAction\":[{\"@type\":\"ReadAction\",\"target\":[\"https:\\\/\\\/miticoro.org\\\/it\\\/complexity\\\/\"]}]},{\"@type\":\"BreadcrumbList\",\"@id\":\"https:\\\/\\\/miticoro.org\\\/it\\\/complexity\\\/#breadcrumb\",\"itemListElement\":[{\"@type\":\"ListItem\",\"position\":1,\"name\":\"Home\",\"item\":\"https:\\\/\\\/miticoro.org\\\/it\\\/\"},{\"@type\":\"ListItem\",\"position\":2,\"name\":\"PF Complexity\"}]},{\"@type\":\"WebSite\",\"@id\":\"https:\\\/\\\/miticoro.org\\\/it\\\/#website\",\"url\":\"https:\\\/\\\/miticoro.org\\\/it\\\/\",\"name\":\"Fondazione Miticoro ETS\",\"description\":\"Inspiring Leaders\",\"publisher\":{\"@id\":\"https:\\\/\\\/miticoro.org\\\/it\\\/#organization\"},\"potentialAction\":[{\"@type\":\"SearchAction\",\"target\":{\"@type\":\"EntryPoint\",\"urlTemplate\":\"https:\\\/\\\/miticoro.org\\\/it\\\/?s={search_term_string}\"},\"query-input\":{\"@type\":\"PropertyValueSpecification\",\"valueRequired\":true,\"valueName\":\"search_term_string\"}}],\"inLanguage\":\"it-IT\"},{\"@type\":\"Organization\",\"@id\":\"https:\\\/\\\/miticoro.org\\\/it\\\/#organization\",\"name\":\"Fondazione Miticoro ETS\",\"url\":\"https:\\\/\\\/miticoro.org\\\/it\\\/\",\"logo\":{\"@type\":\"ImageObject\",\"inLanguage\":\"it-IT\",\"@id\":\"https:\\\/\\\/miticoro.org\\\/it\\\/#\\\/schema\\\/logo\\\/image\\\/\",\"url\":\"https:\\\/\\\/miticoro.org\\\/it\\\/wp-content\\\/uploads\\\/2024\\\/09\\\/Logo_miticoro_positivo.svg\",\"contentUrl\":\"https:\\\/\\\/miticoro.org\\\/it\\\/wp-content\\\/uploads\\\/2024\\\/09\\\/Logo_miticoro_positivo.svg\",\"width\":255,\"height\":76,\"caption\":\"Fondazione Miticoro ETS\"},\"image\":{\"@id\":\"https:\\\/\\\/miticoro.org\\\/it\\\/#\\\/schema\\\/logo\\\/image\\\/\"}}]}<\/script>\n<!-- \/ Yoast SEO plugin. -->","yoast_head_json":{"title":"PF Complexity - Fondazione Miticoro ETS","robots":{"index":"index","follow":"follow","max-snippet":"max-snippet:-1","max-image-preview":"max-image-preview:large","max-video-preview":"max-video-preview:-1"},"canonical":"https:\/\/miticoro.org\/it\/complexity\/","og_locale":"it_IT","og_type":"article","og_title":"PF Complexity - Fondazione Miticoro ETS","og_description":"Pathfinders Complexity Vivere la complessit\u00e0 per governarla ScopoProporre una chiave di lettura per comprendere il futuro e per gestire la crescente complessit\u00e0 delle organizzazioni avendo come riferimento la humanistic leadership e il modello sulla complessit\u00e0 che valuta l\u2019impatto delle grandi trasformazioni esterne sugli individui e organizzazioni. PartecipantiGiovani leader o leader esperti Modalit\u00e09 moduli indipendenti percorribili [&hellip;]","og_url":"https:\/\/miticoro.org\/it\/complexity\/","og_site_name":"Fondazione Miticoro ETS","article_modified_time":"2025-05-02T09:33:01+00:00","og_image":[{"width":1500,"height":733,"url":"https:\/\/miticoro.org\/it\/wp-content\/uploads\/2025\/05\/anteprima-fondazione-miticoro-milano-ita.png","type":"image\/png"}],"twitter_card":"summary_large_image","twitter_misc":{"Tempo di lettura stimato":"2 minuti"},"schema":{"@context":"https:\/\/schema.org","@graph":[{"@type":"WebPage","@id":"https:\/\/miticoro.org\/it\/complexity\/","url":"https:\/\/miticoro.org\/it\/complexity\/","name":"PF Complexity - Fondazione Miticoro ETS","isPartOf":{"@id":"https:\/\/miticoro.org\/it\/#website"},"datePublished":"2025-03-12T09:58:04+00:00","dateModified":"2025-05-02T09:33:01+00:00","breadcrumb":{"@id":"https:\/\/miticoro.org\/it\/complexity\/#breadcrumb"},"inLanguage":"it-IT","potentialAction":[{"@type":"ReadAction","target":["https:\/\/miticoro.org\/it\/complexity\/"]}]},{"@type":"BreadcrumbList","@id":"https:\/\/miticoro.org\/it\/complexity\/#breadcrumb","itemListElement":[{"@type":"ListItem","position":1,"name":"Home","item":"https:\/\/miticoro.org\/it\/"},{"@type":"ListItem","position":2,"name":"PF Complexity"}]},{"@type":"WebSite","@id":"https:\/\/miticoro.org\/it\/#website","url":"https:\/\/miticoro.org\/it\/","name":"Fondazione Miticoro ETS","description":"Inspiring Leaders","publisher":{"@id":"https:\/\/miticoro.org\/it\/#organization"},"potentialAction":[{"@type":"SearchAction","target":{"@type":"EntryPoint","urlTemplate":"https:\/\/miticoro.org\/it\/?s={search_term_string}"},"query-input":{"@type":"PropertyValueSpecification","valueRequired":true,"valueName":"search_term_string"}}],"inLanguage":"it-IT"},{"@type":"Organization","@id":"https:\/\/miticoro.org\/it\/#organization","name":"Fondazione Miticoro ETS","url":"https:\/\/miticoro.org\/it\/","logo":{"@type":"ImageObject","inLanguage":"it-IT","@id":"https:\/\/miticoro.org\/it\/#\/schema\/logo\/image\/","url":"https:\/\/miticoro.org\/it\/wp-content\/uploads\/2024\/09\/Logo_miticoro_positivo.svg","contentUrl":"https:\/\/miticoro.org\/it\/wp-content\/uploads\/2024\/09\/Logo_miticoro_positivo.svg","width":255,"height":76,"caption":"Fondazione Miticoro ETS"},"image":{"@id":"https:\/\/miticoro.org\/it\/#\/schema\/logo\/image\/"}}]}},"_links":{"self":[{"href":"https:\/\/miticoro.org\/it\/wp-json\/wp\/v2\/pages\/5633","targetHints":{"allow":["GET"]}}],"collection":[{"href":"https:\/\/miticoro.org\/it\/wp-json\/wp\/v2\/pages"}],"about":[{"href":"https:\/\/miticoro.org\/it\/wp-json\/wp\/v2\/types\/page"}],"author":[{"embeddable":true,"href":"https:\/\/miticoro.org\/it\/wp-json\/wp\/v2\/users\/6"}],"replies":[{"embeddable":true,"href":"https:\/\/miticoro.org\/it\/wp-json\/wp\/v2\/comments?post=5633"}],"version-history":[{"count":239,"href":"https:\/\/miticoro.org\/it\/wp-json\/wp\/v2\/pages\/5633\/revisions"}],"predecessor-version":[{"id":12624,"href":"https:\/\/miticoro.org\/it\/wp-json\/wp\/v2\/pages\/5633\/revisions\/12624"}],"wp:attachment":[{"href":"https:\/\/miticoro.org\/it\/wp-json\/wp\/v2\/media?parent=5633"}],"curies":[{"name":"wp","href":"https:\/\/api.w.org\/{rel}","templated":true}]}}