{"id":11587,"date":"2025-04-28T22:29:46","date_gmt":"2025-04-28T21:29:46","guid":{"rendered":"https:\/\/miticoro.org\/it\/?page_id=11587"},"modified":"2025-05-04T19:42:11","modified_gmt":"2025-05-04T17:42:11","slug":"il-manifesto-della-humanistic-leadership","status":"publish","type":"page","link":"https:\/\/miticoro.org\/it\/il-manifesto-della-humanistic-leadership\/","title":{"rendered":"Il Manifesto"},"content":{"rendered":"\t\t<div data-elementor-type=\"wp-page\" data-elementor-id=\"11587\" class=\"elementor elementor-11587\" data-elementor-post-type=\"page\">\n\t\t\t\t<div class=\"elementor-element elementor-element-067b3bc e-con-full e-flex e-con e-parent\" data-id=\"067b3bc\" data-element_type=\"container\" data-e-type=\"container\" data-settings=\"{&quot;background_background&quot;:&quot;classic&quot;}\">\n\t\t\t\t<div class=\"elementor-element elementor-element-bec011c elementor-widget-tablet__width-initial elementor-widget__width-initial elementor-widget-tablet_extra__width-initial elementor-widget elementor-widget-heading\" data-id=\"bec011c\" data-element_type=\"widget\" data-e-type=\"widget\" data-widget_type=\"heading.default\">\n\t\t\t\t<div class=\"elementor-widget-container\">\n\t\t\t\t\t<h1 class=\"elementor-heading-title elementor-size-default\">Il Manifesto della <\/br>Humanistic Leadership<\/h1>\t\t\t\t<\/div>\n\t\t\t\t<\/div>\n\t\t\t\t<div class=\"elementor-element elementor-element-7781af9 elementor-hidden-mobile_extra elementor-hidden-mobile elementor-hidden-tablet elementor-widget elementor-widget-text-editor\" data-id=\"7781af9\" data-element_type=\"widget\" data-e-type=\"widget\" data-widget_type=\"text-editor.default\">\n\t\t\t\t<div class=\"elementor-widget-container\">\n\t\t\t\t\t\t\t\t\t<p class=\"p1\"><span class=\"s1\"><b>La base dell\u2019identit\u00e0 della Fondazione Miticoro <\/b><\/span><\/p>\t\t\t\t\t\t\t\t<\/div>\n\t\t\t\t<\/div>\n\t\t\t\t<\/div>\n\t\t<div class=\"elementor-element elementor-element-7db8a17 e-con-full e-flex e-con e-parent\" data-id=\"7db8a17\" data-element_type=\"container\" data-e-type=\"container\" data-settings=\"{&quot;background_background&quot;:&quot;classic&quot;}\">\n\t\t\t\t<div class=\"elementor-element elementor-element-450a418 elementor-widget elementor-widget-text-editor\" data-id=\"450a418\" data-element_type=\"widget\" data-e-type=\"widget\" data-widget_type=\"text-editor.default\">\n\t\t\t\t<div class=\"elementor-widget-container\">\n\t\t\t\t\t\t\t\t\t<h5 class=\"p1\"><b>Premesse <\/b><\/h5><p class=\"p3\">La leadership attira e respinge le persone in pari misura, alcuni sono interessati o semplicemente affascinati, altri rifuggono perch\u00e9 si sentono inadatti o ne vedono solo gli usi egoistici.<\/p><p class=\"p3\">In ogni caso, a tutti noi pu\u00f2 essere richiesto di divenire leader; succede nei vari livelli delle organizzazioni, nello sport, nella famiglia ed \u00e8 legato sia ai ruoli che assumiamo sia alle situazioni contingenti in cui siamo chiamati a svolgere un ruolo di guida.<\/p><h5>\u00a0<\/h5><h5><b><\/b><span class=\"s1\"><b>1.\u00a0 \u00a0 LE PERSONE <\/b><\/span><\/h5><p class=\"p1\"><b>La HUMANISTIC LEADERSHIP pone le persone al centro delle decisioni <\/b><\/p><p class=\"p1\">Persone intese in senso esteso: un\u2019umanit\u00e0 con le proprie caratteristiche, i propri egoismi, le contraddizioni, ma anche con i valori etici, la resilienza, la capacit\u00e0 di evolvere, di costruire la bellezza, di assorbire anche i traumi pi\u00f9 duri, di sopravvivere negli ambienti ostili e soprattutto di accettare le sfide pi\u00f9 audaci.<\/p><p class=\"p1\"><em>\u201cPensare con leggerezza a s\u00e9 stesso e profondamente al mondo\u201d<\/em> (Miyamoto Musashi, samurai del XVII secolo)<\/p><h5><b><span class=\"s1\"><br \/>2.\u00a0 \u00a0 <\/span><\/b><span class=\"s1\"><b>I VALORI\u00a0<\/b><\/span><\/h5><p class=\"p3\"><b>Per guidare il processo decisionale, la HUMANISTIC LEADERSHIP adotta i valori della etica democratica, della equit\u00e0 e l\u2019orientamento al lungo periodo. <\/b><\/p><p class=\"p1\">Etica democratica intesa come approccio decisionale che prevede non solo l\u2019assunzione di rischi ma anche di <b>responsabilit\u00e0<\/b> verso chi \u00e8 coinvolto dalle decisioni e verso l\u2019organizzazione che ci riconosce come leader. La HUMANISTIC LEADERSHIP opera perch\u00e9 l\u2019organizzazione sia equa ed ogni individuo accresca la <b>consapevolezza<\/b> del proprio valore; nel processo decisionale valuta sempre che le decisioni siano non solo corrette, ma anche giuste. L\u2019orientamento al lungo periodo non riduce il focus contingente sulla risorsa pi\u00f9 scarsa, il<b> tempo<\/b>.<\/p><h5><b><span class=\"s1\"><br \/>3.\u00a0 \u00a0 <\/span><\/b><span class=\"s1\"><b>LE SFIDE <\/b><\/span><\/h5><p class=\"p1\"><b>La HUMANISTIC LEADERSHIP affronta le criticit\u00e0 pi\u00f9 profonde dei processi decisionali: complessit\u00e0, fragilit\u00e0, conoscenza, informazioni<\/b><\/p><p class=\"p1\">I leader devono sviluppare conoscenza di s\u00e9 e del mondo circostante per confrontarsi in modo consapevole con la crescente complessit\u00e0 della realt\u00e0 e con la fragilit\u00e0 propria e degli altri individui. Agiscono circondati da sempre minori certezze nei valori e nella conoscenza mentre ricevono informazioni esuberanti che distolgono dal focus dell\u2019azione. La HUMANISTIC LEADERSHIP non cerca eroi, ma individui proattivi e responsabili all\u2019interno delle organizzazioni che, di fronte alle proprie paure, paura di farsi male e di fare male ad altri, sappiano gestirle e controllarle e trarne ispirazione.<b> <\/b><\/p><h5><b><span class=\"s1\"><br \/>4.\u00a0 \u00a0 <\/span><\/b><span class=\"s1\"><b>LA COMPLESSIT<strong>\u00c0<\/strong><\/b><\/span><\/h5><p class=\"p1\"><b>La HUMANISTIC LEADERSHIP sviluppa la consapevolezza e la flessibilit\u00e0 necessaria per gestire la complessit\u00e0<\/b><\/p><p class=\"p1\">La complessit\u00e0 caratterizza la realt\u00e0 in cui viviamo e subisce evoluzioni critiche quando \u00e8 sottoposta ad accelerazioni. La HUMANISTIC LEADERSHIP reagisce alle molteplici trasformazioni, sia esogene sia endogene, adattandosi alle <b>metamorfosi<\/b> che tali cambiamenti generano negli individui, nel team e nella propria organizzazione.<\/p><h5 class=\"p1\"><b style=\"font-family: -apple-system, BlinkMacSystemFont, 'Segoe UI', Roboto, 'Helvetica Neue', Arial, 'Noto Sans', sans-serif, 'Apple Color Emoji', 'Segoe UI Emoji', 'Segoe UI Symbol', 'Noto Color Emoji';\"><br \/><b><span class=\"s1\">5.\u00a0 \u00a0 <\/span><\/b>IL FUTURO<\/b><\/h5><p class=\"p1\"><b>La HUMANISTIC LEADERSHIP si rivolge ai giovani<\/b><\/p><p class=\"p1\">Sono giovani tutti coloro che progettano il futuro spingendosi a proiettare le proprie scelte e l\u2019immaginazione oltre l\u2019orizzonte noto, seguendo i propri principi etici e riconoscendo nel confronto e nelle relazioni intergenerazionali fondamentali fattori di crescita. Essi sono i motori del cambiamento e, dimostrando la volont\u00e0 di progettare il futuro, sono pronti per generare impatto nei vari livelli delle organizzazioni.<\/p><h5><b><span class=\"s1\"><br \/>6.\u00a0 \u00a0 <\/span><\/b><span class=\"s1\"><b>L\u2019IMPATTO <\/b><\/span><\/h5><p class=\"p1\"><b>La HUMANISTIC LEADERSHIP amplifica l\u2019impatto delle azioni dei leader <\/b><\/p><p class=\"p1\">L\u2019effetto positivo dei comportamenti coerenti e delle decisioni consapevoli prese dal leader si diffonde verso il team per poi allargarsi, con coerenza, a tutta l\u2019organizzazione, giungendo infine alla societ\u00e0 che ci circonda. Nelle organizzazioni produttive la HUMANISTIC LEADERSHIP ha un impatto positivo perch\u00e9 crea un ambiente di lavoro sano e costruttivo, aumentando cos\u00ec anche la produttivit\u00e0 delle persone e il ritorno economico.<\/p><h5>\u00a0<\/h5><h5><b><span class=\"s1\">7.\u00a0 \u00a0 <\/span><\/b><span class=\"s1\"><b>LA SOSTENIBILIT<strong>\u00c0<\/strong><\/b><\/span><\/h5><p class=\"p1\"><b>La HUMANISTIC LEADERSHIP persegue la sostenibilit\u00e0 dei valori\u00a0<\/b><\/p><p class=\"p1\">La sostenibilit\u00e0 dei valori permette a tutti di guardare con fiducia al futuro, sicuri che le regole ed i valori con cui agiscono saranno un punto di riferimento certo. La HUMANISTIC LEADERSHIP persegue anche la sostenibilit\u00e0 economica come solida base della sostenibilit\u00e0 sociale e ambientale. La sostenibilit\u00e0 economica, sociale e ambientale crea le condizioni perch\u00e9 la libert\u00e0 possa esprimersi in ogni settore, sempre nel rispetto della libert\u00e0 altrui.<\/p><h5><b><span class=\"s1\"><br \/>8.\u00a0 \u00a0 <\/span><\/b><span class=\"s1\"><b>LA CULTURA<\/b><\/span><\/h5><p class=\"p1\"><b>La HUMANISTIC LEADERSHIP combatte l\u2019arroganza culturale<\/b><\/p><p class=\"p1\">La HUMANISTIC LEADERSHIP alimenta lo sviluppo delle culture interne delle organizzazioni, e si rafforza con la esperienza interculturale, privilegiando l\u2019integrazione. La HUMANISTIC LEADERSHIP nega ogni discriminazione, combatte la paura del confronto, alimenta la curiosit\u00e0 ed il <b>pensiero laterale<\/b>.<\/p><h5><b><span class=\"s1\"><br \/>9.\u00a0 \u00a0 <\/span><\/b><span class=\"s1\"><b>LA FIDUCIA <\/b><\/span><\/h5><p class=\"p1\"><b>La HUMANISTIC LEADERSHIP si basa sui principi di fiducia e delega per amplificare il potere del fare<\/b>.<\/p><p class=\"p1\">La fiducia \u00e8 l\u2019elemento portante per gli individui e le organizzazioni che vogliano collaborare. La fiducia \u00e8 la base per una <b>leadership distribuita<\/b>. Con la HUMANISTIC LEADERSHIP l\u2019obiettivo di un leader \u00e8 di creare nuovi leader e non nuovi follower.<\/p><h5><b><span class=\"s1\"><br \/>10.\u00a0 \u00a0 <\/span><\/b><span class=\"s1\"><b>LA COLLABORAZIONE <\/b><\/span><\/h5><p class=\"p3\"><b>La HUMANISTIC LEADERSHIP mira a valorizzazione l\u2019individuo, ma supera i limiti dell\u2019individualismo. <\/b><\/p><p class=\"p1\">Prima di decidere, dobbiamo avvicinare la molteplicit\u00e0 senza pregiudizi, saper ascoltare ed essere pronti a trovare compromessi fra differenti posizioni. Nelle organizzazioni, la crescente complessit\u00e0 degli scenari interni ed esterni richiede un approccio di collaborazione estesa nel tempo e non vincolata ai soli momenti di percezione del rischio.<\/p><h5>\u00a0<\/h5><h5><b><span class=\"s1\">11.\u00a0 \u00a0 <\/span><\/b><span class=\"s1\"><b>L\u2019IGNOTO <\/b><\/span><\/h5><p class=\"p1\"><b>La HUMANISTIC LEADERSHIP ispira nell\u2019affrontare l\u2019ignoto <\/b><\/p><p class=\"p1\">La HUMANISTIC LEADERSHIP insegna a leggere i segnali deboli, a governare il dubbio, usando la saggezza per riconoscere l\u2019errore e il coraggio per trasformalo in esperienza. All\u2019interno della organizzazione si rafforza con l\u2019attivit\u00e0 di mentoring, alimenta il consenso sugli obiettivi con una narrativa convincente e adotta razionalit\u00e0 e creativit\u00e0 per guidare tutta l\u2019organizzazione verso un <b>futuro condiviso<\/b>.<\/p><h5>\u00a0<\/h5><h5><b><span class=\"s1\">12.\u00a0 \u00a0 <\/span><\/b><span class=\"s1\"><b>IL POTERE, IL SAPERE E LA PASSIONE<\/b><\/span><\/h5><p class=\"p3\"><b>Le risorse della HUMANISTIC LEADERSHIP per costruire il futuro possibile<\/b><\/p><p class=\"p3\">Il potere come forza destinata all\u2019azione per il raggiungimento di un obiettivo etico; il sapere come bussola che guida l\u2019azione contrastando l\u2019arroganza dell\u2019ignoranza; la passione come energia per portare gli altri a condividere gli obiettivi e ad innovare, immaginando il mondo come potrebbe divenire.<\/p><p class=\"p3\"><em>\u201cNon sapevano che fosse impossibile, allora l\u2019hanno fatto\u201d<\/em> (Mark Twain)<\/p><h5 class=\"p8\"><b><br \/>CONCLUSIONI <\/b><\/h5><p class=\"p10\"><span class=\"s2\"><b>Perch\u00e9 adottare la Humanistic Leadership?<br \/><\/b><\/span>Perch\u00e9 d\u00e0 un senso a quello che fai e ti d\u00e0 la forza per essere sempre in pace con te stesso, perch\u00e9 lasci tracce che genereranno reazioni positive nel tempo, perch\u00e9 ti permette di far crescere le persone, e poi, se anche verrai sconfitto, sai di cadere dal lato giusto della storia.<\/p>\t\t\t\t\t\t\t\t<\/div>\n\t\t\t\t<\/div>\n\t\t\t\t<\/div>\n\t\t\t\t<\/div>\n\t\t","protected":false},"excerpt":{"rendered":"<p>Il Manifesto della Humanistic Leadership La base dell\u2019identit\u00e0 della Fondazione Miticoro Premesse La leadership attira e respinge le persone in pari misura, alcuni sono interessati o semplicemente affascinati, altri rifuggono perch\u00e9 si sentono inadatti o ne vedono solo gli usi egoistici. In ogni caso, a tutti noi pu\u00f2 essere richiesto di divenire leader; succede nei [&hellip;]<\/p>\n","protected":false},"author":5,"featured_media":0,"parent":0,"menu_order":0,"comment_status":"closed","ping_status":"closed","template":"","meta":{"iawp_total_views":54,"footnotes":""},"class_list":["post-11587","page","type-page","status-publish","hentry"],"yoast_head":"<!-- This site is optimized with the Yoast SEO plugin v27.4 - https:\/\/yoast.com\/product\/yoast-seo-wordpress\/ -->\n<title>Il Manifesto - Fondazione Miticoro ETS<\/title>\n<meta name=\"robots\" content=\"index, follow, max-snippet:-1, max-image-preview:large, max-video-preview:-1\" \/>\n<link rel=\"canonical\" href=\"https:\/\/miticoro.org\/it\/il-manifesto-della-humanistic-leadership\/\" \/>\n<meta property=\"og:locale\" content=\"it_IT\" \/>\n<meta property=\"og:type\" content=\"article\" \/>\n<meta property=\"og:title\" content=\"Il Manifesto - Fondazione Miticoro ETS\" \/>\n<meta property=\"og:description\" content=\"Il Manifesto della Humanistic Leadership La base dell\u2019identit\u00e0 della Fondazione Miticoro Premesse La leadership attira e respinge le persone in pari misura, alcuni sono interessati o semplicemente affascinati, altri rifuggono perch\u00e9 si sentono inadatti o ne vedono solo gli usi egoistici. In ogni caso, a tutti noi pu\u00f2 essere richiesto di divenire leader; succede nei [&hellip;]\" \/>\n<meta property=\"og:url\" content=\"https:\/\/miticoro.org\/it\/il-manifesto-della-humanistic-leadership\/\" \/>\n<meta property=\"og:site_name\" content=\"Fondazione Miticoro ETS\" \/>\n<meta property=\"article:modified_time\" content=\"2025-05-04T17:42:11+00:00\" \/>\n<meta property=\"og:image\" content=\"https:\/\/miticoro.org\/it\/wp-content\/uploads\/2025\/05\/anteprima-fondazione-miticoro-milano-ita.png\" \/>\n\t<meta property=\"og:image:width\" content=\"1500\" \/>\n\t<meta property=\"og:image:height\" content=\"733\" \/>\n\t<meta property=\"og:image:type\" content=\"image\/png\" \/>\n<meta name=\"twitter:card\" content=\"summary_large_image\" \/>\n<meta name=\"twitter:label1\" content=\"Tempo di lettura stimato\" \/>\n\t<meta name=\"twitter:data1\" content=\"6 minuti\" \/>\n<script type=\"application\/ld+json\" class=\"yoast-schema-graph\">{\"@context\":\"https:\\\/\\\/schema.org\",\"@graph\":[{\"@type\":\"WebPage\",\"@id\":\"https:\\\/\\\/miticoro.org\\\/it\\\/il-manifesto-della-humanistic-leadership\\\/\",\"url\":\"https:\\\/\\\/miticoro.org\\\/it\\\/il-manifesto-della-humanistic-leadership\\\/\",\"name\":\"Il Manifesto - Fondazione Miticoro ETS\",\"isPartOf\":{\"@id\":\"https:\\\/\\\/miticoro.org\\\/it\\\/#website\"},\"datePublished\":\"2025-04-28T21:29:46+00:00\",\"dateModified\":\"2025-05-04T17:42:11+00:00\",\"breadcrumb\":{\"@id\":\"https:\\\/\\\/miticoro.org\\\/it\\\/il-manifesto-della-humanistic-leadership\\\/#breadcrumb\"},\"inLanguage\":\"it-IT\",\"potentialAction\":[{\"@type\":\"ReadAction\",\"target\":[\"https:\\\/\\\/miticoro.org\\\/it\\\/il-manifesto-della-humanistic-leadership\\\/\"]}]},{\"@type\":\"BreadcrumbList\",\"@id\":\"https:\\\/\\\/miticoro.org\\\/it\\\/il-manifesto-della-humanistic-leadership\\\/#breadcrumb\",\"itemListElement\":[{\"@type\":\"ListItem\",\"position\":1,\"name\":\"Home\",\"item\":\"https:\\\/\\\/miticoro.org\\\/it\\\/\"},{\"@type\":\"ListItem\",\"position\":2,\"name\":\"Il Manifesto\"}]},{\"@type\":\"WebSite\",\"@id\":\"https:\\\/\\\/miticoro.org\\\/it\\\/#website\",\"url\":\"https:\\\/\\\/miticoro.org\\\/it\\\/\",\"name\":\"Fondazione Miticoro ETS\",\"description\":\"Inspiring Leaders\",\"publisher\":{\"@id\":\"https:\\\/\\\/miticoro.org\\\/it\\\/#organization\"},\"potentialAction\":[{\"@type\":\"SearchAction\",\"target\":{\"@type\":\"EntryPoint\",\"urlTemplate\":\"https:\\\/\\\/miticoro.org\\\/it\\\/?s={search_term_string}\"},\"query-input\":{\"@type\":\"PropertyValueSpecification\",\"valueRequired\":true,\"valueName\":\"search_term_string\"}}],\"inLanguage\":\"it-IT\"},{\"@type\":\"Organization\",\"@id\":\"https:\\\/\\\/miticoro.org\\\/it\\\/#organization\",\"name\":\"Fondazione Miticoro ETS\",\"url\":\"https:\\\/\\\/miticoro.org\\\/it\\\/\",\"logo\":{\"@type\":\"ImageObject\",\"inLanguage\":\"it-IT\",\"@id\":\"https:\\\/\\\/miticoro.org\\\/it\\\/#\\\/schema\\\/logo\\\/image\\\/\",\"url\":\"https:\\\/\\\/miticoro.org\\\/it\\\/wp-content\\\/uploads\\\/2024\\\/09\\\/Logo_miticoro_positivo.svg\",\"contentUrl\":\"https:\\\/\\\/miticoro.org\\\/it\\\/wp-content\\\/uploads\\\/2024\\\/09\\\/Logo_miticoro_positivo.svg\",\"width\":255,\"height\":76,\"caption\":\"Fondazione Miticoro ETS\"},\"image\":{\"@id\":\"https:\\\/\\\/miticoro.org\\\/it\\\/#\\\/schema\\\/logo\\\/image\\\/\"}}]}<\/script>\n<!-- \/ Yoast SEO plugin. -->","yoast_head_json":{"title":"Il Manifesto - Fondazione Miticoro ETS","robots":{"index":"index","follow":"follow","max-snippet":"max-snippet:-1","max-image-preview":"max-image-preview:large","max-video-preview":"max-video-preview:-1"},"canonical":"https:\/\/miticoro.org\/it\/il-manifesto-della-humanistic-leadership\/","og_locale":"it_IT","og_type":"article","og_title":"Il Manifesto - Fondazione Miticoro ETS","og_description":"Il Manifesto della Humanistic Leadership La base dell\u2019identit\u00e0 della Fondazione Miticoro Premesse La leadership attira e respinge le persone in pari misura, alcuni sono interessati o semplicemente affascinati, altri rifuggono perch\u00e9 si sentono inadatti o ne vedono solo gli usi egoistici. In ogni caso, a tutti noi pu\u00f2 essere richiesto di divenire leader; succede nei [&hellip;]","og_url":"https:\/\/miticoro.org\/it\/il-manifesto-della-humanistic-leadership\/","og_site_name":"Fondazione Miticoro ETS","article_modified_time":"2025-05-04T17:42:11+00:00","og_image":[{"width":1500,"height":733,"url":"https:\/\/miticoro.org\/it\/wp-content\/uploads\/2025\/05\/anteprima-fondazione-miticoro-milano-ita.png","type":"image\/png"}],"twitter_card":"summary_large_image","twitter_misc":{"Tempo di lettura stimato":"6 minuti"},"schema":{"@context":"https:\/\/schema.org","@graph":[{"@type":"WebPage","@id":"https:\/\/miticoro.org\/it\/il-manifesto-della-humanistic-leadership\/","url":"https:\/\/miticoro.org\/it\/il-manifesto-della-humanistic-leadership\/","name":"Il Manifesto - Fondazione Miticoro ETS","isPartOf":{"@id":"https:\/\/miticoro.org\/it\/#website"},"datePublished":"2025-04-28T21:29:46+00:00","dateModified":"2025-05-04T17:42:11+00:00","breadcrumb":{"@id":"https:\/\/miticoro.org\/it\/il-manifesto-della-humanistic-leadership\/#breadcrumb"},"inLanguage":"it-IT","potentialAction":[{"@type":"ReadAction","target":["https:\/\/miticoro.org\/it\/il-manifesto-della-humanistic-leadership\/"]}]},{"@type":"BreadcrumbList","@id":"https:\/\/miticoro.org\/it\/il-manifesto-della-humanistic-leadership\/#breadcrumb","itemListElement":[{"@type":"ListItem","position":1,"name":"Home","item":"https:\/\/miticoro.org\/it\/"},{"@type":"ListItem","position":2,"name":"Il Manifesto"}]},{"@type":"WebSite","@id":"https:\/\/miticoro.org\/it\/#website","url":"https:\/\/miticoro.org\/it\/","name":"Fondazione Miticoro ETS","description":"Inspiring Leaders","publisher":{"@id":"https:\/\/miticoro.org\/it\/#organization"},"potentialAction":[{"@type":"SearchAction","target":{"@type":"EntryPoint","urlTemplate":"https:\/\/miticoro.org\/it\/?s={search_term_string}"},"query-input":{"@type":"PropertyValueSpecification","valueRequired":true,"valueName":"search_term_string"}}],"inLanguage":"it-IT"},{"@type":"Organization","@id":"https:\/\/miticoro.org\/it\/#organization","name":"Fondazione Miticoro ETS","url":"https:\/\/miticoro.org\/it\/","logo":{"@type":"ImageObject","inLanguage":"it-IT","@id":"https:\/\/miticoro.org\/it\/#\/schema\/logo\/image\/","url":"https:\/\/miticoro.org\/it\/wp-content\/uploads\/2024\/09\/Logo_miticoro_positivo.svg","contentUrl":"https:\/\/miticoro.org\/it\/wp-content\/uploads\/2024\/09\/Logo_miticoro_positivo.svg","width":255,"height":76,"caption":"Fondazione Miticoro ETS"},"image":{"@id":"https:\/\/miticoro.org\/it\/#\/schema\/logo\/image\/"}}]}},"_links":{"self":[{"href":"https:\/\/miticoro.org\/it\/wp-json\/wp\/v2\/pages\/11587","targetHints":{"allow":["GET"]}}],"collection":[{"href":"https:\/\/miticoro.org\/it\/wp-json\/wp\/v2\/pages"}],"about":[{"href":"https:\/\/miticoro.org\/it\/wp-json\/wp\/v2\/types\/page"}],"author":[{"embeddable":true,"href":"https:\/\/miticoro.org\/it\/wp-json\/wp\/v2\/users\/5"}],"replies":[{"embeddable":true,"href":"https:\/\/miticoro.org\/it\/wp-json\/wp\/v2\/comments?post=11587"}],"version-history":[{"count":63,"href":"https:\/\/miticoro.org\/it\/wp-json\/wp\/v2\/pages\/11587\/revisions"}],"predecessor-version":[{"id":12660,"href":"https:\/\/miticoro.org\/it\/wp-json\/wp\/v2\/pages\/11587\/revisions\/12660"}],"wp:attachment":[{"href":"https:\/\/miticoro.org\/it\/wp-json\/wp\/v2\/media?parent=11587"}],"curies":[{"name":"wp","href":"https:\/\/api.w.org\/{rel}","templated":true}]}}